{"id":2620,"date":"2022-04-02T13:23:39","date_gmt":"2022-04-02T11:23:39","guid":{"rendered":"http:\/\/worldschool.eu\/?page_id=2620"},"modified":"2023-01-19T14:56:42","modified_gmt":"2023-01-19T13:56:42","slug":"oplaty","status":"publish","type":"page","link":"https:\/\/worldschool.eu\/?page_id=2620","title":{"rendered":"Op\u0142aty"},"content":{"rendered":"\t\t<div data-elementor-type=\"wp-page\" data-elementor-id=\"2620\" class=\"elementor elementor-2620\">\n\t\t\t\t\t\t<section class=\"elementor-section elementor-top-section elementor-element elementor-element-39491cc3 elementor-section-boxed elementor-section-height-default elementor-section-height-default elementor-invisible\" data-id=\"39491cc3\" data-element_type=\"section\" data-settings=\"{&quot;background_background&quot;:&quot;classic&quot;,&quot;animation&quot;:&quot;fadeInUp&quot;}\">\n\t\t\t\t\t\t\t<div class=\"elementor-background-overlay\"><\/div>\n\t\t\t\t\t\t\t<div class=\"elementor-container elementor-column-gap-default\">\n\t\t\t\t\t<div class=\"elementor-column elementor-col-50 elementor-top-column elementor-element elementor-element-7e7fd2fa\" data-id=\"7e7fd2fa\" data-element_type=\"column\">\n\t\t\t<div class=\"elementor-widget-wrap elementor-element-populated\">\n\t\t\t\t\t\t<div class=\"elementor-element elementor-element-79064e91 elementor-widget elementor-widget-heading\" data-id=\"79064e91\" data-element_type=\"widget\" data-widget_type=\"heading.default\">\n\t\t\t\t<div class=\"elementor-widget-container\">\n\t\t\t\t\t<h2 class=\"elementor-heading-title elementor-size-default\">Op\u0142aty<\/h2>\t\t\t\t<\/div>\n\t\t\t\t<\/div>\n\t\t\t\t<div class=\"elementor-element elementor-element-5e8b07bc elementor-widget-divider--view-line elementor-widget elementor-widget-divider\" data-id=\"5e8b07bc\" data-element_type=\"widget\" data-widget_type=\"divider.default\">\n\t\t\t\t<div class=\"elementor-widget-container\">\n\t\t\t\t\t\t\t<div class=\"elementor-divider\">\n\t\t\t<span class=\"elementor-divider-separator\">\n\t\t\t\t\t\t<\/span>\n\t\t<\/div>\n\t\t\t\t\t\t<\/div>\n\t\t\t\t<\/div>\n\t\t\t\t<div class=\"elementor-element elementor-element-86c6be elementor-widget elementor-widget-text-editor\" data-id=\"86c6be\" data-element_type=\"widget\" data-widget_type=\"text-editor.default\">\n\t\t\t\t<div class=\"elementor-widget-container\">\n\t\t\t\t\t\t\t\t\t<p>wpisowe jednorazowe: <strong>1000z\u0142<\/strong><\/p><p>czesne: <strong>1500z\u0142\/mies<\/strong>.<\/p><p>czesne dla absolwent\u00f3w Przedszkola Bajka i Przedszkola Bajka-Zalesie: <strong>1400z\u0142\/mies<\/strong>.*<\/p><p>Op\u0142aty dotycz\u0105 roku szkolnego 2022\/2023. Z uwagi na bardzo wysoki wzrost koszt\u00f3w w roku 2022 i w roku 2023, w roku szkolnym 2023\/2024 op\u0142aty b\u0119d\u0105 wy\u017csze.<\/p><p>Czesne obejmuje wszystkie zaj\u0119cia programowe jak r\u00f3wnie\u017c zaj\u0119cia pozalekcyjne i opiek\u0119 w \u015bwietlicy szkolnej, materia\u0142y np. plastyczne, okre\u015blone imprezy okoliczno\u015bciowe<\/p><p>Wy\u017cywienie w szkole jest dodatkowo p\u0142atne.<\/p><p>*zni\u017cka dotyczy nauki w pierwszej klasie Szko\u0142y Podstawowej<\/p>\t\t\t\t\t\t\t\t<\/div>\n\t\t\t\t<\/div>\n\t\t\t\t<div class=\"elementor-element elementor-element-757456c5 elementor-widget elementor-widget-spacer\" data-id=\"757456c5\" data-element_type=\"widget\" data-widget_type=\"spacer.default\">\n\t\t\t\t<div class=\"elementor-widget-container\">\n\t\t\t\t\t\t\t<div class=\"elementor-spacer\">\n\t\t\t<div class=\"elementor-spacer-inner\"><\/div>\n\t\t<\/div>\n\t\t\t\t\t\t<\/div>\n\t\t\t\t<\/div>\n\t\t\t\t\t<\/div>\n\t\t<\/div>\n\t\t\t\t<div class=\"elementor-column elementor-col-50 elementor-top-column elementor-element elementor-element-345586b9\" data-id=\"345586b9\" data-element_type=\"column\">\n\t\t\t<div class=\"elementor-widget-wrap elementor-element-populated\">\n\t\t\t\t\t\t<div class=\"elementor-element elementor-element-1a902f8 elementor-invisible elementor-widget elementor-widget-image\" data-id=\"1a902f8\" data-element_type=\"widget\" data-settings=\"{&quot;_animation&quot;:&quot;fadeInRight&quot;}\" data-widget_type=\"image.default\">\n\t\t\t\t<div class=\"elementor-widget-container\">\n\t\t\t\t\t\t\t\t\t\t\t\t\t\t\t<img fetchpriority=\"high\" decoding=\"async\" width=\"1024\" height=\"683\" src=\"https:\/\/worldschool.eu\/wp-content\/uploads\/2022\/10\/DSC03043-1024x683.jpg\" class=\"attachment-large size-large wp-image-2948\" alt=\"\" srcset=\"https:\/\/worldschool.eu\/wp-content\/uploads\/2022\/10\/DSC03043-1024x683.jpg 1024w, https:\/\/worldschool.eu\/wp-content\/uploads\/2022\/10\/DSC03043-300x200.jpg 300w, https:\/\/worldschool.eu\/wp-content\/uploads\/2022\/10\/DSC03043-768x512.jpg 768w, https:\/\/worldschool.eu\/wp-content\/uploads\/2022\/10\/DSC03043-1536x1024.jpg 1536w, https:\/\/worldschool.eu\/wp-content\/uploads\/2022\/10\/DSC03043-2048x1365.jpg 2048w, https:\/\/worldschool.eu\/wp-content\/uploads\/2022\/10\/DSC03043-370x247.jpg 370w, https:\/\/worldschool.eu\/wp-content\/uploads\/2022\/10\/DSC03043-400x267.jpg 400w, https:\/\/worldschool.eu\/wp-content\/uploads\/2022\/10\/DSC03043-900x600.jpg 900w, https:\/\/worldschool.eu\/wp-content\/uploads\/2022\/10\/DSC03043-450x300.jpg 450w, https:\/\/worldschool.eu\/wp-content\/uploads\/2022\/10\/DSC03043-1013x675.jpg 1013w, https:\/\/worldschool.eu\/wp-content\/uploads\/2022\/10\/DSC03043-1620x1080.jpg 1620w\" sizes=\"(max-width: 1024px) 100vw, 1024px\" \/>\t\t\t\t\t\t\t\t\t\t\t\t\t\t\t<\/div>\n\t\t\t\t<\/div>\n\t\t\t\t\t<\/div>\n\t\t<\/div>\n\t\t\t\t\t<\/div>\n\t\t<\/section>\n\t\t\t\t<\/div>\n\t\t","protected":false},"excerpt":{"rendered":"<p>Op\u0142aty wpisowe jednorazowe: 1000z\u0142 czesne: 1500z\u0142\/mies. czesne dla absolwent\u00f3w Przedszkola Bajka i Przedszkola Bajka-Zalesie: 1400z\u0142\/mies.* Op\u0142aty dotycz\u0105 roku szkolnego 2022\/2023. Z uwagi na bardzo wysoki wzrost koszt\u00f3w w roku 2022 i w roku 2023, w roku szkolnym 2023\/2024 op\u0142aty b\u0119d\u0105 wy\u017csze. Czesne obejmuje wszystkie zaj\u0119cia programowe jak r\u00f3wnie\u017c zaj\u0119cia pozalekcyjne i opiek\u0119 w \u015bwietlicy szkolnej, &hellip;<\/p>\n","protected":false},"author":1,"featured_media":0,"parent":0,"menu_order":0,"comment_status":"closed","ping_status":"closed","template":"","meta":{"footnotes":""},"class_list":["post-2620","page","type-page","status-publish","hentry","no-thumb"],"_links":{"self":[{"href":"https:\/\/worldschool.eu\/index.php?rest_route=\/wp\/v2\/pages\/2620","targetHints":{"allow":["GET"]}}],"collection":[{"href":"https:\/\/worldschool.eu\/index.php?rest_route=\/wp\/v2\/pages"}],"about":[{"href":"https:\/\/worldschool.eu\/index.php?rest_route=\/wp\/v2\/types\/page"}],"author":[{"embeddable":true,"href":"https:\/\/worldschool.eu\/index.php?rest_route=\/wp\/v2\/users\/1"}],"replies":[{"embeddable":true,"href":"https:\/\/worldschool.eu\/index.php?rest_route=%2Fwp%2Fv2%2Fcomments&post=2620"}],"version-history":[{"count":34,"href":"https:\/\/worldschool.eu\/index.php?rest_route=\/wp\/v2\/pages\/2620\/revisions"}],"predecessor-version":[{"id":3192,"href":"https:\/\/worldschool.eu\/index.php?rest_route=\/wp\/v2\/pages\/2620\/revisions\/3192"}],"wp:attachment":[{"href":"https:\/\/worldschool.eu\/index.php?rest_route=%2Fwp%2Fv2%2Fmedia&parent=2620"}],"curies":[{"name":"wp","href":"https:\/\/api.w.org\/{rel}","templated":true}]}}