{"id":2652,"date":"2022-04-02T13:41:28","date_gmt":"2022-04-02T11:41:28","guid":{"rendered":"http:\/\/worldschool.eu\/?page_id=2652"},"modified":"2022-11-02T10:34:01","modified_gmt":"2022-11-02T09:34:01","slug":"jezyki-obce-2","status":"publish","type":"page","link":"https:\/\/worldschool.eu\/?page_id=2652","title":{"rendered":"<strong>J\u0119zyki obce<\/strong>"},"content":{"rendered":"\t\t<div data-elementor-type=\"wp-page\" data-elementor-id=\"2652\" class=\"elementor elementor-2652\">\n\t\t\t\t\t\t<section class=\"elementor-section elementor-inner-section elementor-element elementor-element-7c4197ff elementor-section-boxed elementor-section-height-default elementor-section-height-default\" data-id=\"7c4197ff\" data-element_type=\"section\" data-settings=\"{&quot;background_background&quot;:&quot;gradient&quot;}\">\n\t\t\t\t\t\t<div class=\"elementor-container elementor-column-gap-default\">\n\t\t\t\t\t<div class=\"elementor-column elementor-col-33 elementor-inner-column elementor-element elementor-element-760f591e elementor-invisible\" data-id=\"760f591e\" data-element_type=\"column\" data-settings=\"{&quot;background_background&quot;:&quot;classic&quot;,&quot;animation&quot;:&quot;fadeInDown&quot;}\">\n\t\t\t<div class=\"elementor-widget-wrap elementor-element-populated\">\n\t\t\t\t\t\t<div class=\"elementor-element elementor-element-345c4e1b elementor-widget elementor-widget-image\" data-id=\"345c4e1b\" data-element_type=\"widget\" data-widget_type=\"image.default\">\n\t\t\t\t<div class=\"elementor-widget-container\">\n\t\t\t\t\t\t\t\t\t\t\t\t\t\t\t<img fetchpriority=\"high\" decoding=\"async\" width=\"680\" height=\"340\" src=\"https:\/\/worldschool.eu\/wp-content\/uploads\/2022\/10\/United_Kingdom.jpg\" class=\"attachment-large size-large wp-image-2909\" alt=\"\" srcset=\"https:\/\/worldschool.eu\/wp-content\/uploads\/2022\/10\/United_Kingdom.jpg 680w, https:\/\/worldschool.eu\/wp-content\/uploads\/2022\/10\/United_Kingdom-300x150.jpg 300w, https:\/\/worldschool.eu\/wp-content\/uploads\/2022\/10\/United_Kingdom-370x185.jpg 370w, https:\/\/worldschool.eu\/wp-content\/uploads\/2022\/10\/United_Kingdom-400x200.jpg 400w, https:\/\/worldschool.eu\/wp-content\/uploads\/2022\/10\/United_Kingdom-600x300.jpg 600w\" sizes=\"(max-width: 680px) 100vw, 680px\" \/>\t\t\t\t\t\t\t\t\t\t\t\t\t\t\t<\/div>\n\t\t\t\t<\/div>\n\t\t\t\t\t<\/div>\n\t\t<\/div>\n\t\t\t\t<div class=\"elementor-column elementor-col-33 elementor-inner-column elementor-element elementor-element-5647c656 elementor-invisible\" data-id=\"5647c656\" data-element_type=\"column\" data-settings=\"{&quot;background_background&quot;:&quot;classic&quot;,&quot;animation&quot;:&quot;fadeInDown&quot;,&quot;animation_delay&quot;:300}\">\n\t\t\t<div class=\"elementor-widget-wrap elementor-element-populated\">\n\t\t\t\t\t\t<div class=\"elementor-element elementor-element-f14890 elementor-widget elementor-widget-image\" data-id=\"f14890\" data-element_type=\"widget\" data-widget_type=\"image.default\">\n\t\t\t\t<div class=\"elementor-widget-container\">\n\t\t\t\t\t\t\t\t\t\t\t\t\t\t\t<img decoding=\"async\" width=\"680\" height=\"454\" src=\"https:\/\/worldschool.eu\/wp-content\/uploads\/2022\/10\/Spain.jpg\" class=\"attachment-large size-large wp-image-2908\" alt=\"\" srcset=\"https:\/\/worldschool.eu\/wp-content\/uploads\/2022\/10\/Spain.jpg 680w, https:\/\/worldschool.eu\/wp-content\/uploads\/2022\/10\/Spain-300x200.jpg 300w, https:\/\/worldschool.eu\/wp-content\/uploads\/2022\/10\/Spain-370x247.jpg 370w, https:\/\/worldschool.eu\/wp-content\/uploads\/2022\/10\/Spain-400x267.jpg 400w, https:\/\/worldschool.eu\/wp-content\/uploads\/2022\/10\/Spain-449x300.jpg 449w\" sizes=\"(max-width: 680px) 100vw, 680px\" \/>\t\t\t\t\t\t\t\t\t\t\t\t\t\t\t<\/div>\n\t\t\t\t<\/div>\n\t\t\t\t\t<\/div>\n\t\t<\/div>\n\t\t\t\t<div class=\"elementor-column elementor-col-33 elementor-inner-column elementor-element elementor-element-59b4caa5 elementor-invisible\" data-id=\"59b4caa5\" data-element_type=\"column\" data-settings=\"{&quot;background_background&quot;:&quot;classic&quot;,&quot;animation&quot;:&quot;fadeInDown&quot;,&quot;animation_delay&quot;:600}\">\n\t\t\t<div class=\"elementor-widget-wrap elementor-element-populated\">\n\t\t\t\t\t\t<div class=\"elementor-element elementor-element-66005861 elementor-widget elementor-widget-image\" data-id=\"66005861\" data-element_type=\"widget\" data-widget_type=\"image.default\">\n\t\t\t\t<div class=\"elementor-widget-container\">\n\t\t\t\t\t\t\t\t\t\t\t\t\t\t\t<img decoding=\"async\" width=\"680\" height=\"408\" src=\"https:\/\/worldschool.eu\/wp-content\/uploads\/2022\/10\/Germany.jpg\" class=\"attachment-large size-large wp-image-2907\" alt=\"\" srcset=\"https:\/\/worldschool.eu\/wp-content\/uploads\/2022\/10\/Germany.jpg 680w, https:\/\/worldschool.eu\/wp-content\/uploads\/2022\/10\/Germany-300x180.jpg 300w, https:\/\/worldschool.eu\/wp-content\/uploads\/2022\/10\/Germany-370x222.jpg 370w, https:\/\/worldschool.eu\/wp-content\/uploads\/2022\/10\/Germany-400x240.jpg 400w, https:\/\/worldschool.eu\/wp-content\/uploads\/2022\/10\/Germany-500x300.jpg 500w\" sizes=\"(max-width: 680px) 100vw, 680px\" \/>\t\t\t\t\t\t\t\t\t\t\t\t\t\t\t<\/div>\n\t\t\t\t<\/div>\n\t\t\t\t\t<\/div>\n\t\t<\/div>\n\t\t\t\t\t<\/div>\n\t\t<\/section>\n\t\t\t\t<section class=\"elementor-section elementor-top-section elementor-element elementor-element-e1e8cc7 elementor-section-boxed elementor-section-height-default elementor-section-height-default elementor-invisible\" data-id=\"e1e8cc7\" data-element_type=\"section\" data-settings=\"{&quot;background_background&quot;:&quot;classic&quot;,&quot;animation&quot;:&quot;fadeInLeft&quot;}\">\n\t\t\t\t\t\t\t<div class=\"elementor-background-overlay\"><\/div>\n\t\t\t\t\t\t\t<div class=\"elementor-container elementor-column-gap-default\">\n\t\t\t\t\t<div class=\"elementor-column elementor-col-50 elementor-top-column elementor-element elementor-element-7c50b58\" data-id=\"7c50b58\" data-element_type=\"column\">\n\t\t\t<div class=\"elementor-widget-wrap elementor-element-populated\">\n\t\t\t\t\t\t<div class=\"elementor-element elementor-element-1052ec08 elementor-widget elementor-widget-heading\" data-id=\"1052ec08\" data-element_type=\"widget\" data-widget_type=\"heading.default\">\n\t\t\t\t<div class=\"elementor-widget-container\">\n\t\t\t\t\t<h2 class=\"elementor-heading-title elementor-size-default\">Jednym z g\u0142\u00f3wnych cel\u00f3w naszej szko\u0142y jest efektywne nauczanie j\u0119zyk\u00f3w obcych<\/h2>\t\t\t\t<\/div>\n\t\t\t\t<\/div>\n\t\t\t\t<div class=\"elementor-element elementor-element-45e1af68 elementor-widget-divider--view-line elementor-widget elementor-widget-divider\" data-id=\"45e1af68\" data-element_type=\"widget\" data-widget_type=\"divider.default\">\n\t\t\t\t<div class=\"elementor-widget-container\">\n\t\t\t\t\t\t\t<div class=\"elementor-divider\">\n\t\t\t<span class=\"elementor-divider-separator\">\n\t\t\t\t\t\t<\/span>\n\t\t<\/div>\n\t\t\t\t\t\t<\/div>\n\t\t\t\t<\/div>\n\t\t\t\t<div class=\"elementor-element elementor-element-2d30a07 elementor-widget elementor-widget-text-editor\" data-id=\"2d30a07\" data-element_type=\"widget\" data-widget_type=\"text-editor.default\">\n\t\t\t\t<div class=\"elementor-widget-container\">\n\t\t\t\t\t\t\t\t\t<p>Znajomo\u015b\u0107 j\u0119zyk\u00f3w obcych to kluczowa umiej\u0119tno\u015b\u0107 w dzisiejszym \u015bwiecie. Nauczanie j\u0119zyk\u00f3w obcych w\u00a0naszej szkole oparte jest na\u00a0solidnych fundamentach. Dzi\u0119ki wykwalifikowanej kadrze pedagogicznej oraz zaj\u0119ciom z native speakerem uczniowie mog\u0105 uczestniczy\u0107 nawet w 10h j\u0119zyka angielskiego w tygodniu. Tre\u015bci zaj\u0119\u0107 dodatkowych z j\u0119zyka angielskiego s\u0105 skorelowane z programem nauczania, obejmuj\u0105 zar\u00f3wno sytuacje dnia codziennego, tematy spo\u0142eczne czy\u00a0kulturalne. Wsp\u00f3\u0142pracujemy z instytucja British Council i przygotowujemy uczni\u00f3w do egzamin\u00f3w Cambridge English.<\/p><p>Nauk\u0119 drugiego j\u0119zyka obcego \u2013 j\u0119zyka niemieckiego lub j\u0119zyka hiszpa\u0144skiego wprowadzili\u015bmy ju\u017c od klasy I. Dzi\u0119ki temu uczniowie w naturalny i przyjemny spos\u00f3b wchodz\u0105 w \u015bwiat j\u0119zyk\u00f3w a nauka w starszych klasach jest efektywniejsza.\u00a0<\/p>\t\t\t\t\t\t\t\t<\/div>\n\t\t\t\t<\/div>\n\t\t\t\t<div class=\"elementor-element elementor-element-57f4b8cc elementor-widget elementor-widget-spacer\" data-id=\"57f4b8cc\" data-element_type=\"widget\" data-widget_type=\"spacer.default\">\n\t\t\t\t<div class=\"elementor-widget-container\">\n\t\t\t\t\t\t\t<div class=\"elementor-spacer\">\n\t\t\t<div class=\"elementor-spacer-inner\"><\/div>\n\t\t<\/div>\n\t\t\t\t\t\t<\/div>\n\t\t\t\t<\/div>\n\t\t\t\t\t<\/div>\n\t\t<\/div>\n\t\t\t\t<div class=\"elementor-column elementor-col-50 elementor-top-column elementor-element elementor-element-300aa17b\" data-id=\"300aa17b\" data-element_type=\"column\">\n\t\t\t<div class=\"elementor-widget-wrap elementor-element-populated\">\n\t\t\t\t\t\t<div class=\"elementor-element elementor-element-c0f0a40 elementor-invisible elementor-widget elementor-widget-image\" data-id=\"c0f0a40\" data-element_type=\"widget\" data-settings=\"{&quot;_animation&quot;:&quot;fadeInRight&quot;}\" data-widget_type=\"image.default\">\n\t\t\t\t<div class=\"elementor-widget-container\">\n\t\t\t\t\t\t\t\t\t\t\t\t\t\t\t<img loading=\"lazy\" decoding=\"async\" width=\"980\" height=\"693\" src=\"https:\/\/worldschool.eu\/wp-content\/uploads\/2022\/04\/certyfikat.jpg\" class=\"attachment-large size-large wp-image-2660\" alt=\"\" srcset=\"https:\/\/worldschool.eu\/wp-content\/uploads\/2022\/04\/certyfikat.jpg 980w, https:\/\/worldschool.eu\/wp-content\/uploads\/2022\/04\/certyfikat-300x212.jpg 300w, https:\/\/worldschool.eu\/wp-content\/uploads\/2022\/04\/certyfikat-768x543.jpg 768w, https:\/\/worldschool.eu\/wp-content\/uploads\/2022\/04\/certyfikat-370x262.jpg 370w, https:\/\/worldschool.eu\/wp-content\/uploads\/2022\/04\/certyfikat-400x283.jpg 400w, https:\/\/worldschool.eu\/wp-content\/uploads\/2022\/04\/certyfikat-900x636.jpg 900w, https:\/\/worldschool.eu\/wp-content\/uploads\/2022\/04\/certyfikat-424x300.jpg 424w, https:\/\/worldschool.eu\/wp-content\/uploads\/2022\/04\/certyfikat-955x675.jpg 955w\" sizes=\"(max-width: 980px) 100vw, 980px\" \/>\t\t\t\t\t\t\t\t\t\t\t\t\t\t\t<\/div>\n\t\t\t\t<\/div>\n\t\t\t\t\t<\/div>\n\t\t<\/div>\n\t\t\t\t\t<\/div>\n\t\t<\/section>\n\t\t\t\t<section class=\"elementor-section elementor-top-section elementor-element elementor-element-2c688b09 elementor-section-boxed elementor-section-height-default elementor-section-height-default\" data-id=\"2c688b09\" data-element_type=\"section\" data-settings=\"{&quot;background_background&quot;:&quot;classic&quot;}\">\n\t\t\t\t\t\t\t<div class=\"elementor-background-overlay\"><\/div>\n\t\t\t\t\t\t\t<div class=\"elementor-container elementor-column-gap-default\">\n\t\t\t\t\t<div class=\"elementor-column elementor-col-100 elementor-top-column elementor-element elementor-element-5b82b50b\" data-id=\"5b82b50b\" data-element_type=\"column\">\n\t\t\t<div class=\"elementor-widget-wrap elementor-element-populated\">\n\t\t\t\t\t\t<div class=\"elementor-element elementor-element-c5d8716 elementor-invisible elementor-widget elementor-widget-image\" data-id=\"c5d8716\" data-element_type=\"widget\" data-settings=\"{&quot;_animation&quot;:&quot;fadeInUp&quot;}\" data-widget_type=\"image.default\">\n\t\t\t\t<div class=\"elementor-widget-container\">\n\t\t\t\t\t\t\t\t\t\t\t\t\t\t\t<img loading=\"lazy\" decoding=\"async\" width=\"724\" height=\"1024\" src=\"https:\/\/worldschool.eu\/wp-content\/uploads\/2022\/04\/certyfikat_2-724x1024.jpg\" class=\"attachment-large size-large wp-image-2670\" alt=\"\" srcset=\"https:\/\/worldschool.eu\/wp-content\/uploads\/2022\/04\/certyfikat_2-724x1024.jpg 724w, https:\/\/worldschool.eu\/wp-content\/uploads\/2022\/04\/certyfikat_2-212x300.jpg 212w, https:\/\/worldschool.eu\/wp-content\/uploads\/2022\/04\/certyfikat_2-768x1086.jpg 768w, https:\/\/worldschool.eu\/wp-content\/uploads\/2022\/04\/certyfikat_2-370x523.jpg 370w, https:\/\/worldschool.eu\/wp-content\/uploads\/2022\/04\/certyfikat_2-400x566.jpg 400w, https:\/\/worldschool.eu\/wp-content\/uploads\/2022\/04\/certyfikat_2-900x1273.jpg 900w, https:\/\/worldschool.eu\/wp-content\/uploads\/2022\/04\/certyfikat_2-477x675.jpg 477w, https:\/\/worldschool.eu\/wp-content\/uploads\/2022\/04\/certyfikat_2-764x1080.jpg 764w, https:\/\/worldschool.eu\/wp-content\/uploads\/2022\/04\/certyfikat_2.jpg 980w\" sizes=\"(max-width: 724px) 100vw, 724px\" \/>\t\t\t\t\t\t\t\t\t\t\t\t\t\t\t<\/div>\n\t\t\t\t<\/div>\n\t\t\t\t\t<\/div>\n\t\t<\/div>\n\t\t\t\t\t<\/div>\n\t\t<\/section>\n\t\t\t\t<\/div>\n\t\t","protected":false},"excerpt":{"rendered":"<p>Jednym z g\u0142\u00f3wnych cel\u00f3w naszej szko\u0142y jest efektywne nauczanie j\u0119zyk\u00f3w obcych Znajomo\u015b\u0107 j\u0119zyk\u00f3w obcych to kluczowa umiej\u0119tno\u015b\u0107 w dzisiejszym \u015bwiecie. Nauczanie j\u0119zyk\u00f3w obcych w\u00a0naszej szkole oparte jest na\u00a0solidnych fundamentach. Dzi\u0119ki wykwalifikowanej kadrze pedagogicznej oraz zaj\u0119ciom z native speakerem uczniowie mog\u0105 uczestniczy\u0107 nawet w 10h j\u0119zyka angielskiego w tygodniu. Tre\u015bci zaj\u0119\u0107 dodatkowych z j\u0119zyka angielskiego s\u0105 &hellip;<\/p>\n","protected":false},"author":1,"featured_media":0,"parent":0,"menu_order":0,"comment_status":"closed","ping_status":"closed","template":"","meta":{"footnotes":""},"class_list":["post-2652","page","type-page","status-publish","hentry","no-thumb"],"_links":{"self":[{"href":"https:\/\/worldschool.eu\/index.php?rest_route=\/wp\/v2\/pages\/2652","targetHints":{"allow":["GET"]}}],"collection":[{"href":"https:\/\/worldschool.eu\/index.php?rest_route=\/wp\/v2\/pages"}],"about":[{"href":"https:\/\/worldschool.eu\/index.php?rest_route=\/wp\/v2\/types\/page"}],"author":[{"embeddable":true,"href":"https:\/\/worldschool.eu\/index.php?rest_route=\/wp\/v2\/users\/1"}],"replies":[{"embeddable":true,"href":"https:\/\/worldschool.eu\/index.php?rest_route=%2Fwp%2Fv2%2Fcomments&post=2652"}],"version-history":[{"count":20,"href":"https:\/\/worldschool.eu\/index.php?rest_route=\/wp\/v2\/pages\/2652\/revisions"}],"predecessor-version":[{"id":3126,"href":"https:\/\/worldschool.eu\/index.php?rest_route=\/wp\/v2\/pages\/2652\/revisions\/3126"}],"wp:attachment":[{"href":"https:\/\/worldschool.eu\/index.php?rest_route=%2Fwp%2Fv2%2Fmedia&parent=2652"}],"curies":[{"name":"wp","href":"https:\/\/api.w.org\/{rel}","templated":true}]}}