{"id":2714,"date":"2022-04-02T14:41:17","date_gmt":"2022-04-02T12:41:17","guid":{"rendered":"http:\/\/worldschool.eu\/?page_id=2714"},"modified":"2022-11-02T10:55:39","modified_gmt":"2022-11-02T09:55:39","slug":"nowoczesne-technologie","status":"publish","type":"page","link":"https:\/\/worldschool.eu\/?page_id=2714","title":{"rendered":"Nowoczesne technologie"},"content":{"rendered":"\t\t<div data-elementor-type=\"wp-page\" data-elementor-id=\"2714\" class=\"elementor elementor-2714\">\n\t\t\t\t\t\t<section class=\"elementor-section elementor-top-section elementor-element elementor-element-6db4986e elementor-section-boxed elementor-section-height-default elementor-section-height-default elementor-invisible\" data-id=\"6db4986e\" data-element_type=\"section\" data-settings=\"{&quot;background_background&quot;:&quot;classic&quot;,&quot;animation&quot;:&quot;fadeInUp&quot;}\">\n\t\t\t\t\t\t\t<div class=\"elementor-background-overlay\"><\/div>\n\t\t\t\t\t\t\t<div class=\"elementor-container elementor-column-gap-default\">\n\t\t\t\t\t<div class=\"elementor-column elementor-col-50 elementor-top-column elementor-element elementor-element-6cde6c6a\" data-id=\"6cde6c6a\" data-element_type=\"column\">\n\t\t\t<div class=\"elementor-widget-wrap elementor-element-populated\">\n\t\t\t\t\t\t<div class=\"elementor-element elementor-element-5fd7aeb elementor-widget elementor-widget-heading\" data-id=\"5fd7aeb\" data-element_type=\"widget\" data-widget_type=\"heading.default\">\n\t\t\t\t<div class=\"elementor-widget-container\">\n\t\t\t\t\t<h2 class=\"elementor-heading-title elementor-size-default\">Nowoczesne technologie<\/h2>\t\t\t\t<\/div>\n\t\t\t\t<\/div>\n\t\t\t\t<div class=\"elementor-element elementor-element-6b81c82c elementor-widget-divider--view-line elementor-widget elementor-widget-divider\" data-id=\"6b81c82c\" data-element_type=\"widget\" data-widget_type=\"divider.default\">\n\t\t\t\t<div class=\"elementor-widget-container\">\n\t\t\t\t\t\t\t<div class=\"elementor-divider\">\n\t\t\t<span class=\"elementor-divider-separator\">\n\t\t\t\t\t\t<\/span>\n\t\t<\/div>\n\t\t\t\t\t\t<\/div>\n\t\t\t\t<\/div>\n\t\t\t\t<div class=\"elementor-element elementor-element-64183ede elementor-widget elementor-widget-text-editor\" data-id=\"64183ede\" data-element_type=\"widget\" data-widget_type=\"text-editor.default\">\n\t\t\t\t<div class=\"elementor-widget-container\">\n\t\t\t\t\t\t\t\t\t<p>Nowe technologie to nieod\u0142\u0105czny element naszego \u017cycia, a celem naszej szko\u0142y jest r\u00f3wnie\u017c przygotowanie uczni\u00f3w do pe\u0142nego udzia\u0142u w spo\u0142ecze\u0144stwie informacyjnym. Odpowiednie wprowadzenie dziecka w \u015bwiat technologii daje mo\u017cliwo\u015b\u0107 \u015bwiadomego i tym samym bezpiecznego korzystania z dobrodziejstw \u015bwiata technologii.<\/p><p>Podczas zaj\u0119\u0107 nasi nauczyciele korzystaj\u0105 z r\u00f3\u017cnych \u015brodk\u00f3w multimedialnych. Prowadzone zaj\u0119cia programowania ucz\u0105 nie tylko logicznego my\u015blenia ale r\u00f3wnie\u017c rozwi\u0105zywania problem\u00f3w, kszta\u0142tuj\u0105 nawyk poszukiwania nowych, lepszych rozwi\u0105za\u0144.<\/p><p>Nowoczesne technologie pomagaj\u0105 rozwija\u0107 takie kompetencje jak innowacyjno\u015b\u0107, interdyscyplinarno\u015b\u0107, umiej\u0119tno\u015b\u0107 pracy metod\u0105 projektow\u0105 czy pracy w zespo\u0142ach.<\/p>\t\t\t\t\t\t\t\t<\/div>\n\t\t\t\t<\/div>\n\t\t\t\t<div class=\"elementor-element elementor-element-5071d476 elementor-widget elementor-widget-spacer\" data-id=\"5071d476\" data-element_type=\"widget\" data-widget_type=\"spacer.default\">\n\t\t\t\t<div class=\"elementor-widget-container\">\n\t\t\t\t\t\t\t<div class=\"elementor-spacer\">\n\t\t\t<div class=\"elementor-spacer-inner\"><\/div>\n\t\t<\/div>\n\t\t\t\t\t\t<\/div>\n\t\t\t\t<\/div>\n\t\t\t\t\t<\/div>\n\t\t<\/div>\n\t\t\t\t<div class=\"elementor-column elementor-col-50 elementor-top-column elementor-element elementor-element-28d989c5\" data-id=\"28d989c5\" data-element_type=\"column\">\n\t\t\t<div class=\"elementor-widget-wrap elementor-element-populated\">\n\t\t\t\t\t\t<div class=\"elementor-element elementor-element-4e8a8c4 elementor-invisible elementor-widget elementor-widget-image\" data-id=\"4e8a8c4\" data-element_type=\"widget\" data-settings=\"{&quot;_animation&quot;:&quot;fadeInRight&quot;}\" data-widget_type=\"image.default\">\n\t\t\t\t<div class=\"elementor-widget-container\">\n\t\t\t\t\t\t\t\t\t\t\t\t\t\t\t<img fetchpriority=\"high\" decoding=\"async\" width=\"448\" height=\"252\" src=\"https:\/\/worldschool.eu\/wp-content\/uploads\/2022\/04\/7.jpg\" class=\"attachment-large size-large wp-image-2717\" alt=\"\" srcset=\"https:\/\/worldschool.eu\/wp-content\/uploads\/2022\/04\/7.jpg 448w, https:\/\/worldschool.eu\/wp-content\/uploads\/2022\/04\/7-300x169.jpg 300w, https:\/\/worldschool.eu\/wp-content\/uploads\/2022\/04\/7-370x208.jpg 370w, https:\/\/worldschool.eu\/wp-content\/uploads\/2022\/04\/7-400x225.jpg 400w\" sizes=\"(max-width: 448px) 100vw, 448px\" \/>\t\t\t\t\t\t\t\t\t\t\t\t\t\t\t<\/div>\n\t\t\t\t<\/div>\n\t\t\t\t<div class=\"elementor-element elementor-element-c743043 elementor-invisible elementor-widget elementor-widget-image\" data-id=\"c743043\" data-element_type=\"widget\" data-settings=\"{&quot;_animation&quot;:&quot;fadeInRight&quot;}\" data-widget_type=\"image.default\">\n\t\t\t\t<div class=\"elementor-widget-container\">\n\t\t\t\t\t\t\t\t\t\t\t\t\t\t\t<img decoding=\"async\" width=\"448\" height=\"252\" src=\"https:\/\/worldschool.eu\/wp-content\/uploads\/2022\/04\/6.jpg\" class=\"attachment-large size-large wp-image-2718\" alt=\"\" srcset=\"https:\/\/worldschool.eu\/wp-content\/uploads\/2022\/04\/6.jpg 448w, https:\/\/worldschool.eu\/wp-content\/uploads\/2022\/04\/6-300x169.jpg 300w, https:\/\/worldschool.eu\/wp-content\/uploads\/2022\/04\/6-370x208.jpg 370w, https:\/\/worldschool.eu\/wp-content\/uploads\/2022\/04\/6-400x225.jpg 400w\" sizes=\"(max-width: 448px) 100vw, 448px\" \/>\t\t\t\t\t\t\t\t\t\t\t\t\t\t\t<\/div>\n\t\t\t\t<\/div>\n\t\t\t\t\t<\/div>\n\t\t<\/div>\n\t\t\t\t\t<\/div>\n\t\t<\/section>\n\t\t\t\t<section class=\"elementor-section elementor-top-section elementor-element elementor-element-1f2f9584 elementor-section-boxed elementor-section-height-default elementor-section-height-default\" data-id=\"1f2f9584\" data-element_type=\"section\" data-settings=\"{&quot;background_background&quot;:&quot;classic&quot;}\">\n\t\t\t\t\t\t\t<div class=\"elementor-background-overlay\"><\/div>\n\t\t\t\t\t\t\t<div class=\"elementor-container elementor-column-gap-default\">\n\t\t\t\t\t<div class=\"elementor-column elementor-col-50 elementor-top-column elementor-element elementor-element-23b35048\" data-id=\"23b35048\" data-element_type=\"column\">\n\t\t\t<div class=\"elementor-widget-wrap elementor-element-populated\">\n\t\t\t\t\t\t<div class=\"elementor-element elementor-element-e251549 elementor-invisible elementor-widget elementor-widget-image\" data-id=\"e251549\" data-element_type=\"widget\" data-settings=\"{&quot;_animation&quot;:&quot;fadeInLeft&quot;}\" data-widget_type=\"image.default\">\n\t\t\t\t<div class=\"elementor-widget-container\">\n\t\t\t\t\t\t\t\t\t\t\t\t\t\t\t<img decoding=\"async\" width=\"972\" height=\"729\" src=\"https:\/\/worldschool.eu\/wp-content\/uploads\/2022\/04\/9.jpg\" class=\"attachment-large size-large wp-image-2719\" alt=\"\" srcset=\"https:\/\/worldschool.eu\/wp-content\/uploads\/2022\/04\/9.jpg 972w, https:\/\/worldschool.eu\/wp-content\/uploads\/2022\/04\/9-300x225.jpg 300w, https:\/\/worldschool.eu\/wp-content\/uploads\/2022\/04\/9-768x576.jpg 768w, https:\/\/worldschool.eu\/wp-content\/uploads\/2022\/04\/9-370x278.jpg 370w, https:\/\/worldschool.eu\/wp-content\/uploads\/2022\/04\/9-400x300.jpg 400w, https:\/\/worldschool.eu\/wp-content\/uploads\/2022\/04\/9-900x675.jpg 900w\" sizes=\"(max-width: 972px) 100vw, 972px\" \/>\t\t\t\t\t\t\t\t\t\t\t\t\t\t\t<\/div>\n\t\t\t\t<\/div>\n\t\t\t\t\t<\/div>\n\t\t<\/div>\n\t\t\t\t<div class=\"elementor-column elementor-col-50 elementor-top-column elementor-element elementor-element-31d7f21f\" data-id=\"31d7f21f\" data-element_type=\"column\">\n\t\t\t<div class=\"elementor-widget-wrap elementor-element-populated\">\n\t\t\t\t\t\t<div class=\"elementor-element elementor-element-adf9ab2 elementor-invisible elementor-widget elementor-widget-image\" data-id=\"adf9ab2\" data-element_type=\"widget\" data-settings=\"{&quot;_animation&quot;:&quot;fadeInRight&quot;}\" data-widget_type=\"image.default\">\n\t\t\t\t<div class=\"elementor-widget-container\">\n\t\t\t\t\t\t\t\t\t\t\t\t\t\t\t<img loading=\"lazy\" decoding=\"async\" width=\"972\" height=\"729\" src=\"https:\/\/worldschool.eu\/wp-content\/uploads\/2022\/04\/10-1.jpg\" class=\"attachment-large size-large wp-image-2723\" alt=\"\" srcset=\"https:\/\/worldschool.eu\/wp-content\/uploads\/2022\/04\/10-1.jpg 972w, https:\/\/worldschool.eu\/wp-content\/uploads\/2022\/04\/10-1-300x225.jpg 300w, https:\/\/worldschool.eu\/wp-content\/uploads\/2022\/04\/10-1-768x576.jpg 768w, https:\/\/worldschool.eu\/wp-content\/uploads\/2022\/04\/10-1-370x278.jpg 370w, https:\/\/worldschool.eu\/wp-content\/uploads\/2022\/04\/10-1-400x300.jpg 400w, https:\/\/worldschool.eu\/wp-content\/uploads\/2022\/04\/10-1-900x675.jpg 900w\" sizes=\"(max-width: 972px) 100vw, 972px\" \/>\t\t\t\t\t\t\t\t\t\t\t\t\t\t\t<\/div>\n\t\t\t\t<\/div>\n\t\t\t\t\t<\/div>\n\t\t<\/div>\n\t\t\t\t\t<\/div>\n\t\t<\/section>\n\t\t\t\t<\/div>\n\t\t","protected":false},"excerpt":{"rendered":"<p>Nowoczesne technologie Nowe technologie to nieod\u0142\u0105czny element naszego \u017cycia, a celem naszej szko\u0142y jest r\u00f3wnie\u017c przygotowanie uczni\u00f3w do pe\u0142nego udzia\u0142u w spo\u0142ecze\u0144stwie informacyjnym. Odpowiednie wprowadzenie dziecka w \u015bwiat technologii daje mo\u017cliwo\u015b\u0107 \u015bwiadomego i tym samym bezpiecznego korzystania z dobrodziejstw \u015bwiata technologii. Podczas zaj\u0119\u0107 nasi nauczyciele korzystaj\u0105 z r\u00f3\u017cnych \u015brodk\u00f3w multimedialnych. Prowadzone zaj\u0119cia programowania ucz\u0105 nie &hellip;<\/p>\n","protected":false},"author":1,"featured_media":0,"parent":0,"menu_order":0,"comment_status":"closed","ping_status":"closed","template":"","meta":{"footnotes":""},"class_list":["post-2714","page","type-page","status-publish","hentry","no-thumb"],"_links":{"self":[{"href":"https:\/\/worldschool.eu\/index.php?rest_route=\/wp\/v2\/pages\/2714","targetHints":{"allow":["GET"]}}],"collection":[{"href":"https:\/\/worldschool.eu\/index.php?rest_route=\/wp\/v2\/pages"}],"about":[{"href":"https:\/\/worldschool.eu\/index.php?rest_route=\/wp\/v2\/types\/page"}],"author":[{"embeddable":true,"href":"https:\/\/worldschool.eu\/index.php?rest_route=\/wp\/v2\/users\/1"}],"replies":[{"embeddable":true,"href":"https:\/\/worldschool.eu\/index.php?rest_route=%2Fwp%2Fv2%2Fcomments&post=2714"}],"version-history":[{"count":10,"href":"https:\/\/worldschool.eu\/index.php?rest_route=\/wp\/v2\/pages\/2714\/revisions"}],"predecessor-version":[{"id":3129,"href":"https:\/\/worldschool.eu\/index.php?rest_route=\/wp\/v2\/pages\/2714\/revisions\/3129"}],"wp:attachment":[{"href":"https:\/\/worldschool.eu\/index.php?rest_route=%2Fwp%2Fv2%2Fmedia&parent=2714"}],"curies":[{"name":"wp","href":"https:\/\/api.w.org\/{rel}","templated":true}]}}