{"id":2751,"date":"2022-04-02T15:08:13","date_gmt":"2022-04-02T13:08:13","guid":{"rendered":"http:\/\/worldschool.eu\/?page_id=2751"},"modified":"2022-04-02T15:17:43","modified_gmt":"2022-04-02T13:17:43","slug":"budynek","status":"publish","type":"page","link":"https:\/\/worldschool.eu\/?page_id=2751","title":{"rendered":"Budynek"},"content":{"rendered":"\t\t<div data-elementor-type=\"wp-page\" data-elementor-id=\"2751\" class=\"elementor elementor-2751\">\n\t\t\t\t\t\t<section class=\"elementor-section elementor-top-section elementor-element elementor-element-301f4b8d elementor-section-boxed elementor-section-height-default elementor-section-height-default elementor-invisible\" data-id=\"301f4b8d\" data-element_type=\"section\" data-settings=\"{&quot;background_background&quot;:&quot;classic&quot;,&quot;animation&quot;:&quot;fadeInUp&quot;}\">\n\t\t\t\t\t\t\t<div class=\"elementor-background-overlay\"><\/div>\n\t\t\t\t\t\t\t<div class=\"elementor-container elementor-column-gap-default\">\n\t\t\t\t\t<div class=\"elementor-column elementor-col-50 elementor-top-column elementor-element elementor-element-14f05348\" data-id=\"14f05348\" data-element_type=\"column\">\n\t\t\t<div class=\"elementor-widget-wrap elementor-element-populated\">\n\t\t\t\t\t\t<div class=\"elementor-element elementor-element-5f7c2bb2 elementor-widget elementor-widget-heading\" data-id=\"5f7c2bb2\" data-element_type=\"widget\" data-widget_type=\"heading.default\">\n\t\t\t\t<div class=\"elementor-widget-container\">\n\t\t\t\t\t<h2 class=\"elementor-heading-title elementor-size-default\">Budynek Szko\u0142y<\/h2>\t\t\t\t<\/div>\n\t\t\t\t<\/div>\n\t\t\t\t<div class=\"elementor-element elementor-element-6fcf2bf8 elementor-widget-divider--view-line elementor-widget elementor-widget-divider\" data-id=\"6fcf2bf8\" data-element_type=\"widget\" data-widget_type=\"divider.default\">\n\t\t\t\t<div class=\"elementor-widget-container\">\n\t\t\t\t\t\t\t<div class=\"elementor-divider\">\n\t\t\t<span class=\"elementor-divider-separator\">\n\t\t\t\t\t\t<\/span>\n\t\t<\/div>\n\t\t\t\t\t\t<\/div>\n\t\t\t\t<\/div>\n\t\t\t\t<div class=\"elementor-element elementor-element-27a5c65a elementor-widget elementor-widget-text-editor\" data-id=\"27a5c65a\" data-element_type=\"widget\" data-widget_type=\"text-editor.default\">\n\t\t\t\t<div class=\"elementor-widget-container\">\n\t\t\t\t\t\t\t\t\t<p>Prywatna Szko\u0142a Podstawowa &#8220;World School&#8221; ju\u017c od wrze\u015bnia 2015 roku znajduje si\u0119 w nowym budynku, kt\u00f3ry zosta\u0142 zaprojektowany specjalnie na potrzeby plac\u00f3wki edukacyjnej. Posiada sal\u0119 gimnastyczn\u0105, przebieralnie, przestronne sale lekcyjne, pracowni\u0119 plastyczn\u0105, sal\u0119 informatyczn\u0105 , w\u0142asn\u0105 kuchni\u0119 wraz ze sto\u0142\u00f3wk\u0105, bibliotek\u0119 szkoln\u0105. Na terenie szko\u0142y jest r\u00f3wnie\u017c boisko oraz plac zabaw.<\/p>\t\t\t\t\t\t\t\t<\/div>\n\t\t\t\t<\/div>\n\t\t\t\t<div class=\"elementor-element elementor-element-3b933e5d elementor-widget elementor-widget-spacer\" data-id=\"3b933e5d\" data-element_type=\"widget\" data-widget_type=\"spacer.default\">\n\t\t\t\t<div class=\"elementor-widget-container\">\n\t\t\t\t\t\t\t<div class=\"elementor-spacer\">\n\t\t\t<div class=\"elementor-spacer-inner\"><\/div>\n\t\t<\/div>\n\t\t\t\t\t\t<\/div>\n\t\t\t\t<\/div>\n\t\t\t\t\t<\/div>\n\t\t<\/div>\n\t\t\t\t<div class=\"elementor-column elementor-col-50 elementor-top-column elementor-element elementor-element-60684a07\" data-id=\"60684a07\" data-element_type=\"column\">\n\t\t\t<div class=\"elementor-widget-wrap elementor-element-populated\">\n\t\t\t\t\t\t<div class=\"elementor-element elementor-element-254d044 elementor-invisible elementor-widget elementor-widget-image\" data-id=\"254d044\" data-element_type=\"widget\" data-settings=\"{&quot;_animation&quot;:&quot;fadeInRight&quot;}\" data-widget_type=\"image.default\">\n\t\t\t\t<div class=\"elementor-widget-container\">\n\t\t\t\t\t\t\t\t\t\t\t\t\t\t\t<img fetchpriority=\"high\" decoding=\"async\" width=\"226\" height=\"401\" src=\"https:\/\/worldschool.eu\/wp-content\/uploads\/2022\/04\/8_b.jpg\" class=\"attachment-large size-large wp-image-2754\" alt=\"\" srcset=\"https:\/\/worldschool.eu\/wp-content\/uploads\/2022\/04\/8_b.jpg 226w, https:\/\/worldschool.eu\/wp-content\/uploads\/2022\/04\/8_b-169x300.jpg 169w\" sizes=\"(max-width: 226px) 100vw, 226px\" \/>\t\t\t\t\t\t\t\t\t\t\t\t\t\t\t<\/div>\n\t\t\t\t<\/div>\n\t\t\t\t\t<\/div>\n\t\t<\/div>\n\t\t\t\t\t<\/div>\n\t\t<\/section>\n\t\t\t\t<section class=\"elementor-section elementor-top-section elementor-element elementor-element-28d60ccd elementor-section-boxed elementor-section-height-default elementor-section-height-default elementor-invisible\" data-id=\"28d60ccd\" data-element_type=\"section\" data-settings=\"{&quot;background_background&quot;:&quot;classic&quot;,&quot;animation&quot;:&quot;fadeIn&quot;}\">\n\t\t\t\t\t\t\t<div class=\"elementor-background-overlay\"><\/div>\n\t\t\t\t\t\t\t<div class=\"elementor-container elementor-column-gap-default\">\n\t\t\t\t\t<div class=\"elementor-column elementor-col-50 elementor-top-column elementor-element elementor-element-32c19a89\" data-id=\"32c19a89\" data-element_type=\"column\">\n\t\t\t<div class=\"elementor-widget-wrap elementor-element-populated\">\n\t\t\t\t\t\t<div class=\"elementor-element elementor-element-1100865 elementor-invisible elementor-widget elementor-widget-image\" data-id=\"1100865\" data-element_type=\"widget\" data-settings=\"{&quot;_animation&quot;:&quot;fadeInLeft&quot;}\" data-widget_type=\"image.default\">\n\t\t\t\t<div class=\"elementor-widget-container\">\n\t\t\t\t\t\t\t\t\t\t\t\t\t\t\t<img decoding=\"async\" width=\"534\" height=\"401\" src=\"https:\/\/worldschool.eu\/wp-content\/uploads\/2022\/04\/3_b-1.jpg\" class=\"attachment-large size-large wp-image-2755\" alt=\"\" srcset=\"https:\/\/worldschool.eu\/wp-content\/uploads\/2022\/04\/3_b-1.jpg 534w, https:\/\/worldschool.eu\/wp-content\/uploads\/2022\/04\/3_b-1-300x225.jpg 300w, https:\/\/worldschool.eu\/wp-content\/uploads\/2022\/04\/3_b-1-370x278.jpg 370w, https:\/\/worldschool.eu\/wp-content\/uploads\/2022\/04\/3_b-1-400x300.jpg 400w\" sizes=\"(max-width: 534px) 100vw, 534px\" \/>\t\t\t\t\t\t\t\t\t\t\t\t\t\t\t<\/div>\n\t\t\t\t<\/div>\n\t\t\t\t<div class=\"elementor-element elementor-element-0996a7b elementor-invisible elementor-widget elementor-widget-image\" data-id=\"0996a7b\" data-element_type=\"widget\" data-settings=\"{&quot;_animation&quot;:&quot;fadeInLeft&quot;}\" data-widget_type=\"image.default\">\n\t\t\t\t<div class=\"elementor-widget-container\">\n\t\t\t\t\t\t\t\t\t\t\t\t\t\t\t<img decoding=\"async\" width=\"534\" height=\"300\" src=\"https:\/\/worldschool.eu\/wp-content\/uploads\/2022\/04\/1_b.jpg\" class=\"attachment-large size-large wp-image-2757\" alt=\"\" srcset=\"https:\/\/worldschool.eu\/wp-content\/uploads\/2022\/04\/1_b.jpg 534w, https:\/\/worldschool.eu\/wp-content\/uploads\/2022\/04\/1_b-300x169.jpg 300w, https:\/\/worldschool.eu\/wp-content\/uploads\/2022\/04\/1_b-370x208.jpg 370w, https:\/\/worldschool.eu\/wp-content\/uploads\/2022\/04\/1_b-400x225.jpg 400w\" sizes=\"(max-width: 534px) 100vw, 534px\" \/>\t\t\t\t\t\t\t\t\t\t\t\t\t\t\t<\/div>\n\t\t\t\t<\/div>\n\t\t\t\t<div class=\"elementor-element elementor-element-70b7a48 elementor-invisible elementor-widget elementor-widget-image\" data-id=\"70b7a48\" data-element_type=\"widget\" data-settings=\"{&quot;_animation&quot;:&quot;fadeInLeft&quot;}\" data-widget_type=\"image.default\">\n\t\t\t\t<div class=\"elementor-widget-container\">\n\t\t\t\t\t\t\t\t\t\t\t\t\t\t\t<img loading=\"lazy\" decoding=\"async\" width=\"534\" height=\"300\" src=\"https:\/\/worldschool.eu\/wp-content\/uploads\/2022\/04\/11_b.jpg\" class=\"attachment-large size-large wp-image-2759\" alt=\"\" srcset=\"https:\/\/worldschool.eu\/wp-content\/uploads\/2022\/04\/11_b.jpg 534w, https:\/\/worldschool.eu\/wp-content\/uploads\/2022\/04\/11_b-300x169.jpg 300w, https:\/\/worldschool.eu\/wp-content\/uploads\/2022\/04\/11_b-370x208.jpg 370w, https:\/\/worldschool.eu\/wp-content\/uploads\/2022\/04\/11_b-400x225.jpg 400w\" sizes=\"(max-width: 534px) 100vw, 534px\" \/>\t\t\t\t\t\t\t\t\t\t\t\t\t\t\t<\/div>\n\t\t\t\t<\/div>\n\t\t\t\t<div class=\"elementor-element elementor-element-d7807ed elementor-invisible elementor-widget elementor-widget-image\" data-id=\"d7807ed\" data-element_type=\"widget\" data-settings=\"{&quot;_animation&quot;:&quot;fadeInLeft&quot;}\" data-widget_type=\"image.default\">\n\t\t\t\t<div class=\"elementor-widget-container\">\n\t\t\t\t\t\t\t\t\t\t\t\t\t\t\t<img loading=\"lazy\" decoding=\"async\" width=\"534\" height=\"300\" src=\"https:\/\/worldschool.eu\/wp-content\/uploads\/2022\/04\/20_b.jpg\" class=\"attachment-large size-large wp-image-2761\" alt=\"\" srcset=\"https:\/\/worldschool.eu\/wp-content\/uploads\/2022\/04\/20_b.jpg 534w, https:\/\/worldschool.eu\/wp-content\/uploads\/2022\/04\/20_b-300x169.jpg 300w, https:\/\/worldschool.eu\/wp-content\/uploads\/2022\/04\/20_b-370x208.jpg 370w, https:\/\/worldschool.eu\/wp-content\/uploads\/2022\/04\/20_b-400x225.jpg 400w\" sizes=\"(max-width: 534px) 100vw, 534px\" \/>\t\t\t\t\t\t\t\t\t\t\t\t\t\t\t<\/div>\n\t\t\t\t<\/div>\n\t\t\t\t\t<\/div>\n\t\t<\/div>\n\t\t\t\t<div class=\"elementor-column elementor-col-50 elementor-top-column elementor-element elementor-element-17d127ad\" data-id=\"17d127ad\" data-element_type=\"column\">\n\t\t\t<div class=\"elementor-widget-wrap elementor-element-populated\">\n\t\t\t\t\t\t<div class=\"elementor-element elementor-element-8f2197f elementor-invisible elementor-widget elementor-widget-image\" data-id=\"8f2197f\" data-element_type=\"widget\" data-settings=\"{&quot;_animation&quot;:&quot;fadeInRight&quot;}\" data-widget_type=\"image.default\">\n\t\t\t\t<div class=\"elementor-widget-container\">\n\t\t\t\t\t\t\t\t\t\t\t\t\t\t\t<img loading=\"lazy\" decoding=\"async\" width=\"534\" height=\"401\" src=\"https:\/\/worldschool.eu\/wp-content\/uploads\/2022\/04\/2_b.jpg\" class=\"attachment-large size-large wp-image-2756\" alt=\"\" srcset=\"https:\/\/worldschool.eu\/wp-content\/uploads\/2022\/04\/2_b.jpg 534w, https:\/\/worldschool.eu\/wp-content\/uploads\/2022\/04\/2_b-300x225.jpg 300w, https:\/\/worldschool.eu\/wp-content\/uploads\/2022\/04\/2_b-370x278.jpg 370w, https:\/\/worldschool.eu\/wp-content\/uploads\/2022\/04\/2_b-400x300.jpg 400w\" sizes=\"(max-width: 534px) 100vw, 534px\" \/>\t\t\t\t\t\t\t\t\t\t\t\t\t\t\t<\/div>\n\t\t\t\t<\/div>\n\t\t\t\t<div class=\"elementor-element elementor-element-69d6a1d elementor-invisible elementor-widget elementor-widget-image\" data-id=\"69d6a1d\" data-element_type=\"widget\" data-settings=\"{&quot;_animation&quot;:&quot;fadeInRight&quot;}\" data-widget_type=\"image.default\">\n\t\t\t\t<div class=\"elementor-widget-container\">\n\t\t\t\t\t\t\t\t\t\t\t\t\t\t\t<img loading=\"lazy\" decoding=\"async\" width=\"534\" height=\"300\" src=\"https:\/\/worldschool.eu\/wp-content\/uploads\/2022\/04\/14_b.jpg\" class=\"attachment-large size-large wp-image-2758\" alt=\"\" srcset=\"https:\/\/worldschool.eu\/wp-content\/uploads\/2022\/04\/14_b.jpg 534w, https:\/\/worldschool.eu\/wp-content\/uploads\/2022\/04\/14_b-300x169.jpg 300w, https:\/\/worldschool.eu\/wp-content\/uploads\/2022\/04\/14_b-370x208.jpg 370w, https:\/\/worldschool.eu\/wp-content\/uploads\/2022\/04\/14_b-400x225.jpg 400w\" sizes=\"(max-width: 534px) 100vw, 534px\" \/>\t\t\t\t\t\t\t\t\t\t\t\t\t\t\t<\/div>\n\t\t\t\t<\/div>\n\t\t\t\t<div class=\"elementor-element elementor-element-35eeda1 elementor-invisible elementor-widget elementor-widget-image\" data-id=\"35eeda1\" data-element_type=\"widget\" data-settings=\"{&quot;_animation&quot;:&quot;fadeInRight&quot;}\" data-widget_type=\"image.default\">\n\t\t\t\t<div class=\"elementor-widget-container\">\n\t\t\t\t\t\t\t\t\t\t\t\t\t\t\t<img loading=\"lazy\" decoding=\"async\" width=\"534\" height=\"300\" src=\"https:\/\/worldschool.eu\/wp-content\/uploads\/2022\/04\/12_b.jpg\" class=\"attachment-large size-large wp-image-2760\" alt=\"\" srcset=\"https:\/\/worldschool.eu\/wp-content\/uploads\/2022\/04\/12_b.jpg 534w, https:\/\/worldschool.eu\/wp-content\/uploads\/2022\/04\/12_b-300x169.jpg 300w, https:\/\/worldschool.eu\/wp-content\/uploads\/2022\/04\/12_b-370x208.jpg 370w, https:\/\/worldschool.eu\/wp-content\/uploads\/2022\/04\/12_b-400x225.jpg 400w\" sizes=\"(max-width: 534px) 100vw, 534px\" \/>\t\t\t\t\t\t\t\t\t\t\t\t\t\t\t<\/div>\n\t\t\t\t<\/div>\n\t\t\t\t<div class=\"elementor-element elementor-element-39506a1 elementor-invisible elementor-widget elementor-widget-image\" data-id=\"39506a1\" data-element_type=\"widget\" data-settings=\"{&quot;_animation&quot;:&quot;fadeInRight&quot;}\" data-widget_type=\"image.default\">\n\t\t\t\t<div class=\"elementor-widget-container\">\n\t\t\t\t\t\t\t\t\t\t\t\t\t\t\t<img loading=\"lazy\" decoding=\"async\" width=\"534\" height=\"300\" src=\"https:\/\/worldschool.eu\/wp-content\/uploads\/2022\/04\/21_b.jpg\" class=\"attachment-large size-large wp-image-2762\" alt=\"\" srcset=\"https:\/\/worldschool.eu\/wp-content\/uploads\/2022\/04\/21_b.jpg 534w, https:\/\/worldschool.eu\/wp-content\/uploads\/2022\/04\/21_b-300x169.jpg 300w, https:\/\/worldschool.eu\/wp-content\/uploads\/2022\/04\/21_b-370x208.jpg 370w, https:\/\/worldschool.eu\/wp-content\/uploads\/2022\/04\/21_b-400x225.jpg 400w\" sizes=\"(max-width: 534px) 100vw, 534px\" \/>\t\t\t\t\t\t\t\t\t\t\t\t\t\t\t<\/div>\n\t\t\t\t<\/div>\n\t\t\t\t\t<\/div>\n\t\t<\/div>\n\t\t\t\t\t<\/div>\n\t\t<\/section>\n\t\t\t\t<\/div>\n\t\t","protected":false},"excerpt":{"rendered":"<p>Budynek Szko\u0142y Prywatna Szko\u0142a Podstawowa &#8220;World School&#8221; ju\u017c od wrze\u015bnia 2015 roku znajduje si\u0119 w nowym budynku, kt\u00f3ry zosta\u0142 zaprojektowany specjalnie na potrzeby plac\u00f3wki edukacyjnej. Posiada sal\u0119 gimnastyczn\u0105, przebieralnie, przestronne sale lekcyjne, pracowni\u0119 plastyczn\u0105, sal\u0119 informatyczn\u0105 , w\u0142asn\u0105 kuchni\u0119 wraz ze sto\u0142\u00f3wk\u0105, bibliotek\u0119 szkoln\u0105. Na terenie szko\u0142y jest r\u00f3wnie\u017c boisko oraz plac zabaw.<\/p>\n","protected":false},"author":1,"featured_media":0,"parent":0,"menu_order":0,"comment_status":"closed","ping_status":"closed","template":"","meta":{"footnotes":""},"class_list":["post-2751","page","type-page","status-publish","hentry","no-thumb"],"_links":{"self":[{"href":"https:\/\/worldschool.eu\/index.php?rest_route=\/wp\/v2\/pages\/2751","targetHints":{"allow":["GET"]}}],"collection":[{"href":"https:\/\/worldschool.eu\/index.php?rest_route=\/wp\/v2\/pages"}],"about":[{"href":"https:\/\/worldschool.eu\/index.php?rest_route=\/wp\/v2\/types\/page"}],"author":[{"embeddable":true,"href":"https:\/\/worldschool.eu\/index.php?rest_route=\/wp\/v2\/users\/1"}],"replies":[{"embeddable":true,"href":"https:\/\/worldschool.eu\/index.php?rest_route=%2Fwp%2Fv2%2Fcomments&post=2751"}],"version-history":[{"count":4,"href":"https:\/\/worldschool.eu\/index.php?rest_route=\/wp\/v2\/pages\/2751\/revisions"}],"predecessor-version":[{"id":2765,"href":"https:\/\/worldschool.eu\/index.php?rest_route=\/wp\/v2\/pages\/2751\/revisions\/2765"}],"wp:attachment":[{"href":"https:\/\/worldschool.eu\/index.php?rest_route=%2Fwp%2Fv2%2Fmedia&parent=2751"}],"curies":[{"name":"wp","href":"https:\/\/api.w.org\/{rel}","templated":true}]}}