{"id":332,"date":"2017-06-29T12:09:11","date_gmt":"2017-06-29T12:09:11","guid":{"rendered":"https:\/\/worldschool.eu\/?page_id=332"},"modified":"2022-11-02T12:13:20","modified_gmt":"2022-11-02T11:13:20","slug":"o-nas","status":"publish","type":"page","link":"https:\/\/worldschool.eu\/?page_id=332","title":{"rendered":"O nas"},"content":{"rendered":"\t\t<div data-elementor-type=\"wp-page\" data-elementor-id=\"332\" class=\"elementor elementor-332\">\n\t\t\t\t\t\t<section class=\"elementor-section elementor-top-section elementor-element elementor-element-c0nopmy elementor-section-boxed elementor-section-height-default elementor-section-height-default\" data-id=\"c0nopmy\" data-element_type=\"section\">\n\t\t\t\t\t\t<div class=\"elementor-container elementor-column-gap-default\">\n\t\t\t\t\t<div class=\"elementor-column elementor-col-100 elementor-top-column elementor-element elementor-element-fx4adt7\" data-id=\"fx4adt7\" data-element_type=\"column\">\n\t\t\t<div class=\"elementor-widget-wrap elementor-element-populated\">\n\t\t\t\t\t\t<section class=\"elementor-section elementor-inner-section elementor-element elementor-element-qierv02 elementor-section-content-top elementor-reverse-mobile elementor-section-boxed elementor-section-height-default elementor-section-height-default\" data-id=\"qierv02\" data-element_type=\"section\">\n\t\t\t\t\t\t<div class=\"elementor-container elementor-column-gap-default\">\n\t\t\t\t\t<div class=\"elementor-column elementor-col-50 elementor-inner-column elementor-element elementor-element-hsftyfp\" data-id=\"hsftyfp\" data-element_type=\"column\">\n\t\t\t<div class=\"elementor-widget-wrap elementor-element-populated\">\n\t\t\t\t\t\t<div class=\"elementor-element elementor-element-ockpz0n elementor-widget elementor-widget-heading\" data-id=\"ockpz0n\" data-element_type=\"widget\" data-widget_type=\"heading.default\">\n\t\t\t\t<div class=\"elementor-widget-container\">\n\t\t\t\t\t<h2 class=\"elementor-heading-title elementor-size-default\"><span class=\"VIiyi\" lang=\"pl\"><span class=\"JLqJ4b ChMk0b\" data-language-for-alternatives=\"pl\" data-language-to-translate-into=\"en\" data-phrase-index=\"0\" data-number-of-phrases=\"1\"><span>Kim jeste\u015bmy<\/span><\/span><\/span><\/h2>\t\t\t\t<\/div>\n\t\t\t\t<\/div>\n\t\t\t\t<div class=\"elementor-element elementor-element-slhar4n elementor-widget-divider--view-line elementor-widget elementor-widget-divider\" data-id=\"slhar4n\" data-element_type=\"widget\" data-widget_type=\"divider.default\">\n\t\t\t\t<div class=\"elementor-widget-container\">\n\t\t\t\t\t\t\t<div class=\"elementor-divider\">\n\t\t\t<span class=\"elementor-divider-separator\">\n\t\t\t\t\t\t<\/span>\n\t\t<\/div>\n\t\t\t\t\t\t<\/div>\n\t\t\t\t<\/div>\n\t\t\t\t\t<\/div>\n\t\t<\/div>\n\t\t\t\t<div class=\"elementor-column elementor-col-50 elementor-inner-column elementor-element elementor-element-fag2nsm\" data-id=\"fag2nsm\" data-element_type=\"column\">\n\t\t\t<div class=\"elementor-widget-wrap elementor-element-populated\">\n\t\t\t\t\t\t<div class=\"elementor-element elementor-element-cth79dd e-grid-align-right e-grid-align-mobile-left elementor-shape-circle elementor-social-icons-color-custom elementor-grid-0 elementor-widget elementor-widget-social-icons\" data-id=\"cth79dd\" data-element_type=\"widget\" data-widget_type=\"social-icons.default\">\n\t\t\t\t<div class=\"elementor-widget-container\">\n\t\t\t\t\t\t\t<div class=\"elementor-social-icons-wrapper elementor-grid\">\n\t\t\t\t\t\t\t<span class=\"elementor-grid-item\">\n\t\t\t\t\t<a class=\"elementor-icon elementor-social-icon elementor-social-icon-facebook-f elementor-repeater-item-0gh5qf7\" href=\"https:\/\/www.facebook.com\/prywatnaszkolaworldschool\" target=\"_blank\">\n\t\t\t\t\t\t<span class=\"elementor-screen-only\">Facebook-f<\/span>\n\t\t\t\t\t\t<i class=\"fab fa-facebook-f\"><\/i>\t\t\t\t\t<\/a>\n\t\t\t\t<\/span>\n\t\t\t\t\t\t\t<span class=\"elementor-grid-item\">\n\t\t\t\t\t<a class=\"elementor-icon elementor-social-icon elementor-social-icon-youtube elementor-repeater-item-27e16d0\" href=\"https:\/\/www.youtube.com\/channel\/UC5wPpIpk3ivAtBLUIz7gcpQ\" target=\"_blank\">\n\t\t\t\t\t\t<span class=\"elementor-screen-only\">Youtube<\/span>\n\t\t\t\t\t\t<i class=\"fab fa-youtube\"><\/i>\t\t\t\t\t<\/a>\n\t\t\t\t<\/span>\n\t\t\t\t\t<\/div>\n\t\t\t\t\t\t<\/div>\n\t\t\t\t<\/div>\n\t\t\t\t\t<\/div>\n\t\t<\/div>\n\t\t\t\t\t<\/div>\n\t\t<\/section>\n\t\t\t\t<div class=\"elementor-element elementor-element-frufaog elementor-multi-columns-yes elementor-widget elementor-widget-text-editor\" data-id=\"frufaog\" data-element_type=\"widget\" data-settings=\"{&quot;multi_columns&quot;:&quot;yes&quot;}\" data-widget_type=\"text-editor.default\">\n\t\t\t\t<div class=\"elementor-widget-container\">\n\t\t\t\t\t\t\t\t\t<p>Prywatna Szko\u0142a Podstawowa &#8220;World School&#8221; jest kameraln\u0105 plac\u00f3wk\u0105, w kt\u00f3rej panuje mi\u0142a i serdeczna atmosfera.<br \/>Dzi\u0119ki 19 letniemu do\u015bwiadczeniu w prowadzeniu plac\u00f3wek o\u015bwiatowych znamy potrzeby dzieci oraz oczekiwania rodzic\u00f3w, co gwarantuje doskona\u0142\u0105 wsp\u00f3\u0142prac\u0119 i kszta\u0142cenie na najwy\u017cszym poziomie. Naszym celem jest wszechstronny rozw\u00f3j zainteresowa\u0144 i zdolno\u015bci uczni\u00f3w oraz umiej\u0119tno\u015b\u0107 pos\u0142ugiwania si\u0119 zdobyt\u0105 wiedz\u0105 w codziennym \u017cyciu. Nasza szko\u0142a stanowi alternatyw\u0119 dla szk\u00f3\u0142 publicznych. Jeste\u015bmy plac\u00f3wk\u0105 niepubliczn\u0105 o uprawnieniach szko\u0142y publicznej. Proponowany przez nas szkolny plan nauczania uzyska\u0142 pozytywn\u0105 opini\u0119 Mazowieckiego Kuratora O\u015bwiaty.<br \/>\u00a0\u00a0\u00a0\u00a0\u00a0\u00a0\u00a0\u00a0\u00a0\u00a0\u00a0\u00a0\u00a0\u00a0\u00a0\u00a0\u00a0\u00a0\u00a0\u00a0\u00a0\u00a0\u00a0\u00a0\u00a0\u00a0\u00a0\u00a0\u00a0\u00a0\u00a0\u00a0\u00a0\u00a0\u00a0\u00a0\u00a0\u00a0 \u00a0<br \/>Zakres materia\u0142u realizowany przez nas jest znacznie szerszy ni\u017c w tradycyjnych plac\u00f3wkach. Realizujemy r\u00f3wnie\u017c program z elementami dwuj\u0119zyczno\u015bci i rozszerzon\u0105 edukacj\u0119\u00a0 j\u0119zyka angielskiego. Zapewniamy wszystkim uczniom wysoki poziom nauczanych przedmiot\u00f3w i umo\u017cliwiamy opanowanie j\u0119zyka angielskiego na poziomie znacznie wy\u017cszym ni\u017c jest to mo\u017cliwe w tradycyjnym nauczaniu.\u00a0<br \/>\u00a0\u00a0\u00a0\u00a0\u00a0\u00a0\u00a0\u00a0\u00a0\u00a0\u00a0\u00a0\u00a0\u00a0 \u00a0<br \/>Nasza szko\u0142a jest otwarta od godziny 6.30 do godziny 18.00, zapewniamy ca\u0142odzienn\u0105 opiek\u0119. Zaj\u0119cia lekcyjne w klasach IV-VIII rozpoczynaj\u0105 si\u0119 o godzinie 8.15 a w klasach I-III\u00a0 o godzinie 8.30. Zar\u00f3wno przed rozpocz\u0119ciem zaj\u0119\u0107 jak r\u00f3wnie\u017c po ich zako\u0144czeniu dzieci obj\u0119te s\u0105 opiek\u0105 szkolnej \u015bwietlicy.<\/p><p>Zaj\u0119cia odbywaj\u0105 si\u0119 w ma\u0142o liczebnych klasach. W czasie ferii zimowych oraz letnich zapewniamy opiek\u0119, organizujemy dla naszych uczni\u00f3w r\u00f3\u017cne zaj\u0119cia. Wszystkie przybory szkolne potrzebne do zaj\u0119\u0107 zapewnia szko\u0142a. Uczniowie otrzymuj\u0105 4 smaczne i pe\u0142nowarto\u015bciowe posi\u0142ki w ci\u0105gu dnia.<\/p><p class=\"text\">W ramach pomocy psychologiczno-pedagogicznej zapewniamy wsparcie szkolnego psychologa, kt\u00f3ry prowadzi warsztaty i konsultacje z naszymi uczniami.<br \/><br \/>Prywatna Szko\u0142a Podstawowa &#8220;World School&#8221; jest idealnym miejscem dla dzieci, kt\u00f3rych rodzice traktuj\u0105 bardzo dobre wykszta\u0142cenie za priorytet, kt\u00f3rzy chc\u0105 aby zaj\u0119cia szkolne jak r\u00f3wnie\u017c dodatkowe by\u0142y usystematyzowane w sp\u00f3jnym programie edukacyjnym, prowadzone przez wykwalifikowan\u0105 kadr\u0119 w jednej plac\u00f3wce.<\/p>\t\t\t\t\t\t\t\t<\/div>\n\t\t\t\t<\/div>\n\t\t\t\t\t<\/div>\n\t\t<\/div>\n\t\t\t\t\t<\/div>\n\t\t<\/section>\n\t\t\t\t<section class=\"elementor-section elementor-top-section elementor-element elementor-element-imqywtn elementor-section-boxed elementor-section-height-default elementor-section-height-default\" data-id=\"imqywtn\" data-element_type=\"section\" data-settings=\"{&quot;background_background&quot;:&quot;classic&quot;}\">\n\t\t\t\t\t\t\t<div class=\"elementor-background-overlay\"><\/div>\n\t\t\t\t\t\t\t<div class=\"elementor-container elementor-column-gap-default\">\n\t\t\t\t\t<div class=\"elementor-column elementor-col-25 elementor-top-column elementor-element elementor-element-xsikdew\" data-id=\"xsikdew\" data-element_type=\"column\">\n\t\t\t<div class=\"elementor-widget-wrap\">\n\t\t\t\t\t\t\t<\/div>\n\t\t<\/div>\n\t\t\t\t<div class=\"elementor-column elementor-col-25 elementor-top-column elementor-element elementor-element-grasyhi\" data-id=\"grasyhi\" data-element_type=\"column\">\n\t\t\t<div class=\"elementor-widget-wrap\">\n\t\t\t\t\t\t\t<\/div>\n\t\t<\/div>\n\t\t\t\t<div class=\"elementor-column elementor-col-25 elementor-top-column elementor-element elementor-element-eknhwyr\" data-id=\"eknhwyr\" data-element_type=\"column\">\n\t\t\t<div class=\"elementor-widget-wrap\">\n\t\t\t\t\t\t\t<\/div>\n\t\t<\/div>\n\t\t\t\t<div class=\"elementor-column elementor-col-25 elementor-top-column elementor-element elementor-element-vxohufr\" data-id=\"vxohufr\" data-element_type=\"column\">\n\t\t\t<div class=\"elementor-widget-wrap\">\n\t\t\t\t\t\t\t<\/div>\n\t\t<\/div>\n\t\t\t\t\t<\/div>\n\t\t<\/section>\n\t\t\t\t<section class=\"elementor-section elementor-top-section elementor-element elementor-element-9f8054d elementor-section-boxed elementor-section-height-default elementor-section-height-default\" data-id=\"9f8054d\" data-element_type=\"section\">\n\t\t\t\t\t\t<div class=\"elementor-container elementor-column-gap-default\">\n\t\t\t\t\t<div class=\"elementor-column elementor-col-100 elementor-top-column elementor-element elementor-element-59c97d9\" data-id=\"59c97d9\" data-element_type=\"column\">\n\t\t\t<div class=\"elementor-widget-wrap elementor-element-populated\">\n\t\t\t\t\t\t<div class=\"elementor-element elementor-element-850f0df elementor-widget elementor-widget-heading\" data-id=\"850f0df\" data-element_type=\"widget\" data-widget_type=\"heading.default\">\n\t\t\t\t<div class=\"elementor-widget-container\">\n\t\t\t\t\t<h2 class=\"elementor-heading-title elementor-size-default\"><span class=\"VIiyi\" lang=\"pl\"><span class=\"JLqJ4b ChMk0b\" data-language-for-alternatives=\"pl\" data-language-to-translate-into=\"en\" data-phrase-index=\"0\" data-number-of-phrases=\"1\"><span>Bierzemy udzia\u0142 w: <\/span><\/span><\/span><\/h2>\t\t\t\t<\/div>\n\t\t\t\t<\/div>\n\t\t\t\t<div class=\"elementor-element elementor-element-7619a6e elementor-widget-divider--view-line elementor-widget elementor-widget-divider\" data-id=\"7619a6e\" data-element_type=\"widget\" data-widget_type=\"divider.default\">\n\t\t\t\t<div class=\"elementor-widget-container\">\n\t\t\t\t\t\t\t<div class=\"elementor-divider\">\n\t\t\t<span class=\"elementor-divider-separator\">\n\t\t\t\t\t\t<\/span>\n\t\t<\/div>\n\t\t\t\t\t\t<\/div>\n\t\t\t\t<\/div>\n\t\t\t\t\t<\/div>\n\t\t<\/div>\n\t\t\t\t\t<\/div>\n\t\t<\/section>\n\t\t\t\t<section class=\"elementor-section elementor-top-section elementor-element elementor-element-3446c7a elementor-section-boxed elementor-section-height-default elementor-section-height-default\" data-id=\"3446c7a\" data-element_type=\"section\">\n\t\t\t\t\t\t<div class=\"elementor-container elementor-column-gap-default\">\n\t\t\t\t\t<div class=\"elementor-column elementor-col-100 elementor-top-column elementor-element elementor-element-bf0e19b\" data-id=\"bf0e19b\" data-element_type=\"column\">\n\t\t\t<div class=\"elementor-widget-wrap elementor-element-populated\">\n\t\t\t\t\t\t<div class=\"elementor-element elementor-element-11b006d elementor-invisible elementor-widget elementor-widget-image\" data-id=\"11b006d\" data-element_type=\"widget\" data-settings=\"{&quot;_animation&quot;:&quot;fadeInLeft&quot;}\" data-widget_type=\"image.default\">\n\t\t\t\t<div class=\"elementor-widget-container\">\n\t\t\t\t\t\t\t\t\t\t\t\t\t\t\t<img fetchpriority=\"high\" decoding=\"async\" width=\"1024\" height=\"305\" src=\"https:\/\/worldschool.eu\/wp-content\/uploads\/2022\/11\/Advantage_Badge_Primary_Starter-Member_RGB_Digital_PNG-1024x305.png\" class=\"attachment-large size-large wp-image-3136\" alt=\"\" srcset=\"https:\/\/worldschool.eu\/wp-content\/uploads\/2022\/11\/Advantage_Badge_Primary_Starter-Member_RGB_Digital_PNG-1024x305.png 1024w, https:\/\/worldschool.eu\/wp-content\/uploads\/2022\/11\/Advantage_Badge_Primary_Starter-Member_RGB_Digital_PNG-300x89.png 300w, https:\/\/worldschool.eu\/wp-content\/uploads\/2022\/11\/Advantage_Badge_Primary_Starter-Member_RGB_Digital_PNG-768x228.png 768w, https:\/\/worldschool.eu\/wp-content\/uploads\/2022\/11\/Advantage_Badge_Primary_Starter-Member_RGB_Digital_PNG-1536x457.png 1536w, https:\/\/worldschool.eu\/wp-content\/uploads\/2022\/11\/Advantage_Badge_Primary_Starter-Member_RGB_Digital_PNG-2048x609.png 2048w, https:\/\/worldschool.eu\/wp-content\/uploads\/2022\/11\/Advantage_Badge_Primary_Starter-Member_RGB_Digital_PNG-370x110.png 370w, https:\/\/worldschool.eu\/wp-content\/uploads\/2022\/11\/Advantage_Badge_Primary_Starter-Member_RGB_Digital_PNG-400x119.png 400w, https:\/\/worldschool.eu\/wp-content\/uploads\/2022\/11\/Advantage_Badge_Primary_Starter-Member_RGB_Digital_PNG-900x268.png 900w, https:\/\/worldschool.eu\/wp-content\/uploads\/2022\/11\/Advantage_Badge_Primary_Starter-Member_RGB_Digital_PNG-1008x300.png 1008w, https:\/\/worldschool.eu\/wp-content\/uploads\/2022\/11\/Advantage_Badge_Primary_Starter-Member_RGB_Digital_PNG-1920x571.png 1920w\" sizes=\"(max-width: 1024px) 100vw, 1024px\" \/>\t\t\t\t\t\t\t\t\t\t\t\t\t\t\t<\/div>\n\t\t\t\t<\/div>\n\t\t\t\t\t<\/div>\n\t\t<\/div>\n\t\t\t\t\t<\/div>\n\t\t<\/section>\n\t\t\t\t<section class=\"elementor-section elementor-top-section elementor-element elementor-element-75fdf7d elementor-section-boxed elementor-section-height-default elementor-section-height-default\" data-id=\"75fdf7d\" data-element_type=\"section\">\n\t\t\t\t\t\t<div class=\"elementor-container elementor-column-gap-default\">\n\t\t\t\t\t<div class=\"elementor-column elementor-col-100 elementor-top-column elementor-element elementor-element-ccee7c4\" data-id=\"ccee7c4\" data-element_type=\"column\">\n\t\t\t<div class=\"elementor-widget-wrap elementor-element-populated\">\n\t\t\t\t\t\t<div class=\"elementor-element elementor-element-a34b428 elementor-invisible elementor-widget elementor-widget-image\" data-id=\"a34b428\" data-element_type=\"widget\" data-settings=\"{&quot;_animation&quot;:&quot;fadeInRight&quot;}\" data-widget_type=\"image.default\">\n\t\t\t\t<div class=\"elementor-widget-container\">\n\t\t\t\t\t\t\t\t\t\t\t\t\t\t\t<img decoding=\"async\" width=\"1024\" height=\"724\" src=\"https:\/\/worldschool.eu\/wp-content\/uploads\/2022\/11\/Certyfikat_szkola_2022-23-1024x724.jpg\" class=\"attachment-large size-large wp-image-3137\" alt=\"\" srcset=\"https:\/\/worldschool.eu\/wp-content\/uploads\/2022\/11\/Certyfikat_szkola_2022-23-1024x724.jpg 1024w, https:\/\/worldschool.eu\/wp-content\/uploads\/2022\/11\/Certyfikat_szkola_2022-23-300x212.jpg 300w, https:\/\/worldschool.eu\/wp-content\/uploads\/2022\/11\/Certyfikat_szkola_2022-23-768x543.jpg 768w, https:\/\/worldschool.eu\/wp-content\/uploads\/2022\/11\/Certyfikat_szkola_2022-23-1536x1087.jpg 1536w, https:\/\/worldschool.eu\/wp-content\/uploads\/2022\/11\/Certyfikat_szkola_2022-23-2048x1449.jpg 2048w, https:\/\/worldschool.eu\/wp-content\/uploads\/2022\/11\/Certyfikat_szkola_2022-23-370x262.jpg 370w, https:\/\/worldschool.eu\/wp-content\/uploads\/2022\/11\/Certyfikat_szkola_2022-23-400x283.jpg 400w, https:\/\/worldschool.eu\/wp-content\/uploads\/2022\/11\/Certyfikat_szkola_2022-23-900x637.jpg 900w, https:\/\/worldschool.eu\/wp-content\/uploads\/2022\/11\/Certyfikat_szkola_2022-23-424x300.jpg 424w, https:\/\/worldschool.eu\/wp-content\/uploads\/2022\/11\/Certyfikat_szkola_2022-23-954x675.jpg 954w, https:\/\/worldschool.eu\/wp-content\/uploads\/2022\/11\/Certyfikat_szkola_2022-23-1527x1080.jpg 1527w\" sizes=\"(max-width: 1024px) 100vw, 1024px\" \/>\t\t\t\t\t\t\t\t\t\t\t\t\t\t\t<\/div>\n\t\t\t\t<\/div>\n\t\t\t\t\t<\/div>\n\t\t<\/div>\n\t\t\t\t\t<\/div>\n\t\t<\/section>\n\t\t\t\t<section class=\"elementor-section elementor-top-section elementor-element elementor-element-565de66 elementor-section-boxed elementor-section-height-default elementor-section-height-default\" data-id=\"565de66\" data-element_type=\"section\">\n\t\t\t\t\t\t<div class=\"elementor-container elementor-column-gap-default\">\n\t\t\t\t\t<div class=\"elementor-column elementor-col-100 elementor-top-column elementor-element elementor-element-83045ba\" data-id=\"83045ba\" data-element_type=\"column\">\n\t\t\t<div class=\"elementor-widget-wrap elementor-element-populated\">\n\t\t\t\t\t\t<div class=\"elementor-element elementor-element-a91d3ae elementor-invisible elementor-widget elementor-widget-image\" data-id=\"a91d3ae\" data-element_type=\"widget\" data-settings=\"{&quot;_animation&quot;:&quot;fadeInLeft&quot;}\" data-widget_type=\"image.default\">\n\t\t\t\t<div class=\"elementor-widget-container\">\n\t\t\t\t\t\t\t\t\t\t\t\t\t\t\t<img decoding=\"async\" width=\"1024\" height=\"821\" src=\"https:\/\/worldschool.eu\/wp-content\/uploads\/2022\/11\/LOGO-CZK-1-1-1024x821.png\" class=\"attachment-large size-large wp-image-3138\" alt=\"\" srcset=\"https:\/\/worldschool.eu\/wp-content\/uploads\/2022\/11\/LOGO-CZK-1-1-1024x821.png 1024w, https:\/\/worldschool.eu\/wp-content\/uploads\/2022\/11\/LOGO-CZK-1-1-300x241.png 300w, https:\/\/worldschool.eu\/wp-content\/uploads\/2022\/11\/LOGO-CZK-1-1-768x616.png 768w, https:\/\/worldschool.eu\/wp-content\/uploads\/2022\/11\/LOGO-CZK-1-1-370x297.png 370w, https:\/\/worldschool.eu\/wp-content\/uploads\/2022\/11\/LOGO-CZK-1-1-400x321.png 400w, https:\/\/worldschool.eu\/wp-content\/uploads\/2022\/11\/LOGO-CZK-1-1-900x722.png 900w, https:\/\/worldschool.eu\/wp-content\/uploads\/2022\/11\/LOGO-CZK-1-1-374x300.png 374w, https:\/\/worldschool.eu\/wp-content\/uploads\/2022\/11\/LOGO-CZK-1-1-842x675.png 842w, https:\/\/worldschool.eu\/wp-content\/uploads\/2022\/11\/LOGO-CZK-1-1-1347x1080.png 1347w, https:\/\/worldschool.eu\/wp-content\/uploads\/2022\/11\/LOGO-CZK-1-1.png 1409w\" sizes=\"(max-width: 1024px) 100vw, 1024px\" \/>\t\t\t\t\t\t\t\t\t\t\t\t\t\t\t<\/div>\n\t\t\t\t<\/div>\n\t\t\t\t\t<\/div>\n\t\t<\/div>\n\t\t\t\t\t<\/div>\n\t\t<\/section>\n\t\t\t\t<section class=\"elementor-section elementor-top-section elementor-element elementor-element-d69fb13 elementor-section-boxed elementor-section-height-default elementor-section-height-default\" data-id=\"d69fb13\" data-element_type=\"section\">\n\t\t\t\t\t\t<div class=\"elementor-container elementor-column-gap-default\">\n\t\t\t\t\t<div class=\"elementor-column elementor-col-100 elementor-top-column elementor-element elementor-element-4b6032c\" data-id=\"4b6032c\" data-element_type=\"column\">\n\t\t\t<div class=\"elementor-widget-wrap elementor-element-populated\">\n\t\t\t\t\t\t<div class=\"elementor-element elementor-element-2939044 elementor-invisible elementor-widget elementor-widget-image\" data-id=\"2939044\" data-element_type=\"widget\" data-settings=\"{&quot;_animation&quot;:&quot;fadeInRight&quot;}\" data-widget_type=\"image.default\">\n\t\t\t\t<div class=\"elementor-widget-container\">\n\t\t\t\t\t\t\t\t\t\t\t\t\t\t\t<img loading=\"lazy\" decoding=\"async\" width=\"820\" height=\"360\" src=\"https:\/\/worldschool.eu\/wp-content\/uploads\/2022\/11\/301997584_10229088068445608_1400397900382515238_n.jpg\" class=\"attachment-large size-large wp-image-3139\" alt=\"\" srcset=\"https:\/\/worldschool.eu\/wp-content\/uploads\/2022\/11\/301997584_10229088068445608_1400397900382515238_n.jpg 820w, https:\/\/worldschool.eu\/wp-content\/uploads\/2022\/11\/301997584_10229088068445608_1400397900382515238_n-300x132.jpg 300w, https:\/\/worldschool.eu\/wp-content\/uploads\/2022\/11\/301997584_10229088068445608_1400397900382515238_n-768x337.jpg 768w, https:\/\/worldschool.eu\/wp-content\/uploads\/2022\/11\/301997584_10229088068445608_1400397900382515238_n-370x162.jpg 370w, https:\/\/worldschool.eu\/wp-content\/uploads\/2022\/11\/301997584_10229088068445608_1400397900382515238_n-400x176.jpg 400w, https:\/\/worldschool.eu\/wp-content\/uploads\/2022\/11\/301997584_10229088068445608_1400397900382515238_n-683x300.jpg 683w\" sizes=\"(max-width: 820px) 100vw, 820px\" \/>\t\t\t\t\t\t\t\t\t\t\t\t\t\t\t<\/div>\n\t\t\t\t<\/div>\n\t\t\t\t\t<\/div>\n\t\t<\/div>\n\t\t\t\t\t<\/div>\n\t\t<\/section>\n\t\t\t\t<section class=\"elementor-section elementor-top-section elementor-element elementor-element-373e677 elementor-section-boxed elementor-section-height-default elementor-section-height-default\" data-id=\"373e677\" data-element_type=\"section\">\n\t\t\t\t\t\t<div class=\"elementor-container elementor-column-gap-default\">\n\t\t\t\t\t<div class=\"elementor-column elementor-col-100 elementor-top-column elementor-element elementor-element-b38db46\" data-id=\"b38db46\" data-element_type=\"column\">\n\t\t\t<div class=\"elementor-widget-wrap elementor-element-populated\">\n\t\t\t\t\t\t<div class=\"elementor-element elementor-element-56fdc2d elementor-invisible elementor-widget elementor-widget-image\" data-id=\"56fdc2d\" data-element_type=\"widget\" data-settings=\"{&quot;_animation&quot;:&quot;fadeInLeft&quot;}\" data-widget_type=\"image.default\">\n\t\t\t\t<div class=\"elementor-widget-container\">\n\t\t\t\t\t\t\t\t\t\t\t\t\t\t\t<img loading=\"lazy\" decoding=\"async\" width=\"1024\" height=\"724\" src=\"https:\/\/worldschool.eu\/wp-content\/uploads\/2022\/11\/certyfikat_1_0-1024x724.jpg\" class=\"attachment-large size-large wp-image-3140\" alt=\"\" srcset=\"https:\/\/worldschool.eu\/wp-content\/uploads\/2022\/11\/certyfikat_1_0-1024x724.jpg 1024w, https:\/\/worldschool.eu\/wp-content\/uploads\/2022\/11\/certyfikat_1_0-300x212.jpg 300w, https:\/\/worldschool.eu\/wp-content\/uploads\/2022\/11\/certyfikat_1_0-768x543.jpg 768w, https:\/\/worldschool.eu\/wp-content\/uploads\/2022\/11\/certyfikat_1_0-1536x1086.jpg 1536w, https:\/\/worldschool.eu\/wp-content\/uploads\/2022\/11\/certyfikat_1_0-370x262.jpg 370w, https:\/\/worldschool.eu\/wp-content\/uploads\/2022\/11\/certyfikat_1_0-400x283.jpg 400w, https:\/\/worldschool.eu\/wp-content\/uploads\/2022\/11\/certyfikat_1_0-900x636.jpg 900w, https:\/\/worldschool.eu\/wp-content\/uploads\/2022\/11\/certyfikat_1_0-424x300.jpg 424w, https:\/\/worldschool.eu\/wp-content\/uploads\/2022\/11\/certyfikat_1_0-955x675.jpg 955w, https:\/\/worldschool.eu\/wp-content\/uploads\/2022\/11\/certyfikat_1_0-1528x1080.jpg 1528w, https:\/\/worldschool.eu\/wp-content\/uploads\/2022\/11\/certyfikat_1_0.jpg 1754w\" sizes=\"(max-width: 1024px) 100vw, 1024px\" \/>\t\t\t\t\t\t\t\t\t\t\t\t\t\t\t<\/div>\n\t\t\t\t<\/div>\n\t\t\t\t\t<\/div>\n\t\t<\/div>\n\t\t\t\t\t<\/div>\n\t\t<\/section>\n\t\t\t\t<\/div>\n\t\t","protected":false},"excerpt":{"rendered":"<p>Kim jeste\u015bmy Facebook-f Youtube Prywatna Szko\u0142a Podstawowa &#8220;World School&#8221; jest kameraln\u0105 plac\u00f3wk\u0105, w kt\u00f3rej panuje mi\u0142a i serdeczna atmosfera.Dzi\u0119ki 19 letniemu do\u015bwiadczeniu w prowadzeniu plac\u00f3wek o\u015bwiatowych znamy potrzeby dzieci oraz oczekiwania rodzic\u00f3w, co gwarantuje doskona\u0142\u0105 wsp\u00f3\u0142prac\u0119 i kszta\u0142cenie na najwy\u017cszym poziomie. Naszym celem jest wszechstronny rozw\u00f3j zainteresowa\u0144 i zdolno\u015bci uczni\u00f3w oraz umiej\u0119tno\u015b\u0107 pos\u0142ugiwania si\u0119 zdobyt\u0105 &hellip;<\/p>\n","protected":false},"author":1,"featured_media":0,"parent":0,"menu_order":0,"comment_status":"closed","ping_status":"closed","template":"","meta":{"footnotes":""},"class_list":["post-332","page","type-page","status-publish","hentry","no-thumb"],"_links":{"self":[{"href":"https:\/\/worldschool.eu\/index.php?rest_route=\/wp\/v2\/pages\/332","targetHints":{"allow":["GET"]}}],"collection":[{"href":"https:\/\/worldschool.eu\/index.php?rest_route=\/wp\/v2\/pages"}],"about":[{"href":"https:\/\/worldschool.eu\/index.php?rest_route=\/wp\/v2\/types\/page"}],"author":[{"embeddable":true,"href":"https:\/\/worldschool.eu\/index.php?rest_route=\/wp\/v2\/users\/1"}],"replies":[{"embeddable":true,"href":"https:\/\/worldschool.eu\/index.php?rest_route=%2Fwp%2Fv2%2Fcomments&post=332"}],"version-history":[{"count":68,"href":"https:\/\/worldschool.eu\/index.php?rest_route=\/wp\/v2\/pages\/332\/revisions"}],"predecessor-version":[{"id":3168,"href":"https:\/\/worldschool.eu\/index.php?rest_route=\/wp\/v2\/pages\/332\/revisions\/3168"}],"wp:attachment":[{"href":"https:\/\/worldschool.eu\/index.php?rest_route=%2Fwp%2Fv2%2Fmedia&parent=332"}],"curies":[{"name":"wp","href":"https:\/\/api.w.org\/{rel}","templated":true}]}}